{"id":67,"date":"2026-01-24T03:25:53","date_gmt":"2026-01-24T03:25:53","guid":{"rendered":"https:\/\/memoiredebout.org\/?page_id=67"},"modified":"2026-01-24T04:51:03","modified_gmt":"2026-01-24T04:51:03","slug":"contact","status":"publish","type":"page","link":"https:\/\/memoiredebout.org\/?page_id=67","title":{"rendered":"Contact"},"content":{"rendered":"\n<p><strong>Contact<\/strong><\/p>\n\n\n\n<p><strong>Introduction<\/strong><\/p>\n\n\n\n<p>Vous souhaitez entrer en contact avec M\u00e9moire Debout ?<\/p>\n\n\n\n<p>Cette page vous permet de nous envoyer vos messages, propositions de t\u00e9moignages, contributions ou collaborations tout en respectant notre ligne \u00e9ditoriale ind\u00e9pendante et rigoureuse.<\/p>\n\n\n\n<p><strong>Comment nous joindre<\/strong><\/p>\n\n\n\n<ul class=\"wp-block-list\">\n<li>Message direct : via le formulaire ci-dessous ou notre adresse e-mail<\/li>\n\n\n\n<li>Propositions de t\u00e9moignages et tribunes : envoyez-nous vos textes ou id\u00e9es, nous les \u00e9tudierons selon nos standards \u00e9ditoriaux<\/li>\n\n\n\n<li>Collaborations : ouverture \u00e0 projets \u00e9ducatifs, archives ou initiatives de m\u00e9moire, sans ligne politique impos\u00e9e<\/li>\n<\/ul>\n\n\n\n<p><strong>Engagement<\/strong><\/p>\n\n\n\n<ul class=\"wp-block-list\">\n<li>Chaque message sera trait\u00e9 avec s\u00e9rieux et confidentialit\u00e9<\/li>\n\n\n\n<li>Nous r\u00e9pondons dans les meilleurs d\u00e9lais selon nos capacit\u00e9s<\/li>\n\n\n\n<li>Nous nous r\u00e9servons le droit de refuser tout contenu contraire \u00e0 notre charte \u00e9ditoriale<\/li>\n<\/ul>\n","protected":false},"excerpt":{"rendered":"<p>Contact Introduction Vous souhaitez entrer en contact avec M\u00e9moire Debout ? Cette page vous permet de nous envoyer vos messages, propositions de t\u00e9moignages, contributions ou collaborations tout en respectant notre ligne \u00e9ditoriale ind\u00e9pendante et rigoureuse. Comment nous joindre Engagement<\/p>\n","protected":false},"author":1,"featured_media":0,"parent":0,"menu_order":0,"comment_status":"closed","ping_status":"closed","template":"","meta":{"footnotes":""},"class_list":["post-67","page","type-page","status-publish","hentry"],"_links":{"self":[{"href":"https:\/\/memoiredebout.org\/index.php?rest_route=\/wp\/v2\/pages\/67","targetHints":{"allow":["GET"]}}],"collection":[{"href":"https:\/\/memoiredebout.org\/index.php?rest_route=\/wp\/v2\/pages"}],"about":[{"href":"https:\/\/memoiredebout.org\/index.php?rest_route=\/wp\/v2\/types\/page"}],"author":[{"embeddable":true,"href":"https:\/\/memoiredebout.org\/index.php?rest_route=\/wp\/v2\/users\/1"}],"replies":[{"embeddable":true,"href":"https:\/\/memoiredebout.org\/index.php?rest_route=%2Fwp%2Fv2%2Fcomments&post=67"}],"version-history":[{"count":1,"href":"https:\/\/memoiredebout.org\/index.php?rest_route=\/wp\/v2\/pages\/67\/revisions"}],"predecessor-version":[{"id":75,"href":"https:\/\/memoiredebout.org\/index.php?rest_route=\/wp\/v2\/pages\/67\/revisions\/75"}],"wp:attachment":[{"href":"https:\/\/memoiredebout.org\/index.php?rest_route=%2Fwp%2Fv2%2Fmedia&parent=67"}],"curies":[{"name":"wp","href":"https:\/\/api.w.org\/{rel}","templated":true}]}}