{"id":65,"date":"2026-01-24T03:23:55","date_gmt":"2026-01-24T03:23:55","guid":{"rendered":"https:\/\/memoiredebout.org\/?page_id=65"},"modified":"2026-01-24T04:47:29","modified_gmt":"2026-01-24T04:47:29","slug":"archives","status":"publish","type":"page","link":"https:\/\/memoiredebout.org\/?page_id=65","title":{"rendered":"Archives"},"content":{"rendered":"\n<p><strong>Archives<\/strong><\/p>\n\n\n\n<p><strong>Introduction<\/strong><\/p>\n\n\n\n<p>La section Archives de M\u00e9moire Debout rassemble des documents, textes et chronologies qui permettent de comprendre l\u2019histoire, les luttes et les trajectoires des communaut\u00e9s afro-descendantes et ha\u00eftiennes.<\/p>\n\n\n\n<p>Elle vise \u00e0 offrir un acc\u00e8s clair \u00e0 la m\u00e9moire collective, \u00e0 travers des contenus v\u00e9rifi\u00e9s et contextualis\u00e9s.<\/p>\n\n\n\n<p><strong>Types de contenus<\/strong><\/p>\n\n\n\n<p>Les archives sont organis\u00e9es selon plusieurs cat\u00e9gories :<\/p>\n\n\n\n<ul class=\"wp-block-list\">\n<li>Rappels historiques : \u00e9v\u00e9nements majeurs, r\u00e9volutions, mouvements sociaux<\/li>\n\n\n\n<li>Dossiers th\u00e9matiques : sujets approfondis autour de la politique, de la soci\u00e9t\u00e9 et de la culture<\/li>\n\n\n\n<li>Textes de m\u00e9moire : r\u00e9cits, t\u00e9moignages, chroniques et documents originaux<\/li>\n<\/ul>\n\n\n\n<p><strong>Objectifs<\/strong><\/p>\n\n\n\n<ul class=\"wp-block-list\">\n<li>Pr\u00e9server et documenter la m\u00e9moire collective<\/li>\n\n\n\n<li>Faciliter la consultation et la recherche pour les communaut\u00e9s et les chercheurs<\/li>\n\n\n\n<li>Offrir un espace p\u00e9dagogique et accessible pour comprendre les continuit\u00e9s et les ruptures historiques<\/li>\n\n\n\n<li>Mettre en valeur les documents rarement diffus\u00e9s ou oubli\u00e9s<\/li>\n<\/ul>\n","protected":false},"excerpt":{"rendered":"<p>Archives Introduction La section Archives de M\u00e9moire Debout rassemble des documents, textes et chronologies qui permettent de comprendre l\u2019histoire, les luttes et les trajectoires des communaut\u00e9s afro-descendantes et ha\u00eftiennes. Elle vise \u00e0 offrir un acc\u00e8s clair \u00e0 la m\u00e9moire collective, \u00e0 travers des contenus v\u00e9rifi\u00e9s et contextualis\u00e9s. Types de contenus Les archives sont organis\u00e9es selon [&hellip;]<\/p>\n","protected":false},"author":1,"featured_media":0,"parent":0,"menu_order":0,"comment_status":"closed","ping_status":"closed","template":"","meta":{"footnotes":""},"class_list":["post-65","page","type-page","status-publish","hentry"],"_links":{"self":[{"href":"https:\/\/memoiredebout.org\/index.php?rest_route=\/wp\/v2\/pages\/65","targetHints":{"allow":["GET"]}}],"collection":[{"href":"https:\/\/memoiredebout.org\/index.php?rest_route=\/wp\/v2\/pages"}],"about":[{"href":"https:\/\/memoiredebout.org\/index.php?rest_route=\/wp\/v2\/types\/page"}],"author":[{"embeddable":true,"href":"https:\/\/memoiredebout.org\/index.php?rest_route=\/wp\/v2\/users\/1"}],"replies":[{"embeddable":true,"href":"https:\/\/memoiredebout.org\/index.php?rest_route=%2Fwp%2Fv2%2Fcomments&post=65"}],"version-history":[{"count":1,"href":"https:\/\/memoiredebout.org\/index.php?rest_route=\/wp\/v2\/pages\/65\/revisions"}],"predecessor-version":[{"id":74,"href":"https:\/\/memoiredebout.org\/index.php?rest_route=\/wp\/v2\/pages\/65\/revisions\/74"}],"wp:attachment":[{"href":"https:\/\/memoiredebout.org\/index.php?rest_route=%2Fwp%2Fv2%2Fmedia&parent=65"}],"curies":[{"name":"wp","href":"https:\/\/api.w.org\/{rel}","templated":true}]}}