{"id":63,"date":"2026-01-24T03:17:59","date_gmt":"2026-01-24T03:17:59","guid":{"rendered":"https:\/\/memoiredebout.org\/?page_id=63"},"modified":"2026-01-24T04:41:27","modified_gmt":"2026-01-24T04:41:27","slug":"analyses","status":"publish","type":"page","link":"https:\/\/memoiredebout.org\/?page_id=63","title":{"rendered":"Analyses"},"content":{"rendered":"\n<p><strong>Analyses &amp; D\u00e9cryptages<\/strong><\/p>\n\n\n\n<p><strong>Introduction<\/strong><\/p>\n\n\n\n<p>Les analyses publi\u00e9es sur M\u00e9moire Debout ont pour objectif de replacer les \u00e9v\u00e9nements et les faits dans leur contexte historique, social et g\u00e9opolitique.<\/p>\n\n\n\n<p>Chaque article cherche \u00e0 d\u00e9passer les narratifs simplifi\u00e9s ou biais\u00e9s pour offrir une compr\u00e9hension rigoureuse des enjeux qui touchent les communaut\u00e9s afro-descendantes, ha\u00eftiennes et diasporiques.<\/p>\n\n\n\n<p><strong>Cat\u00e9gories principales<\/strong><\/p>\n\n\n\n<p>Pour organiser les contenus, les analyses sont regroup\u00e9es selon quatre axes principaux :<\/p>\n\n\n\n<ul class=\"wp-block-list\">\n<li>Ha\u00efti : politique, soci\u00e9t\u00e9, \u00e9conomie, culture et m\u00e9moire historique<\/li>\n\n\n\n<li>Diaspora : communaut\u00e9s ha\u00eftiennes et afro-descendantes \u00e0 l\u2019international<\/li>\n\n\n\n<li>Monde afro-descendant : initiatives, enjeux et contextes des peuples afro-descendants dans le monde<\/li>\n\n\n\n<li>M\u00e9moire &amp; justice : rappels historiques, chronologies et d\u00e9cryptages des luttes pour la justice sociale<\/li>\n<\/ul>\n\n\n\n<p><strong>M\u00e9thodologie<\/strong><\/p>\n\n\n\n<p>Chaque article publi\u00e9 respecte des standards \u00e9ditoriaux pr\u00e9cis :<\/p>\n\n\n\n<ul class=\"wp-block-list\">\n<li>V\u00e9rification et contextualisation des sources<\/li>\n\n\n\n<li>Analyse approfondie, au-del\u00e0 des r\u00e9actions imm\u00e9diates ou \u00e9motionnelles<\/li>\n\n\n\n<li>Mise en perspective historique, sociale et politique<\/li>\n\n\n\n<li>Valorisation des voix marginalis\u00e9es, expertes ou anonymes, selon le cas<\/li>\n<\/ul>\n\n\n\n<p><strong>Objectifs<\/strong><\/p>\n\n\n\n<ul class=\"wp-block-list\">\n<li>Fournir un espace de r\u00e9flexion document\u00e9 et rigoureux<\/li>\n\n\n\n<li>Proposer des cl\u00e9s de lecture pour comprendre les continuit\u00e9s et les ruptures<\/li>\n\n\n\n<li>Construire une m\u00e9moire vivante et accessible \u00e0 tous<\/li>\n\n\n\n<li>Stimuler le d\u00e9bat inform\u00e9 et la conscience critique<\/li>\n<\/ul>\n","protected":false},"excerpt":{"rendered":"<p>Analyses &amp; D\u00e9cryptages Introduction Les analyses publi\u00e9es sur M\u00e9moire Debout ont pour objectif de replacer les \u00e9v\u00e9nements et les faits dans leur contexte historique, social et g\u00e9opolitique. Chaque article cherche \u00e0 d\u00e9passer les narratifs simplifi\u00e9s ou biais\u00e9s pour offrir une compr\u00e9hension rigoureuse des enjeux qui touchent les communaut\u00e9s afro-descendantes, ha\u00eftiennes et diasporiques. Cat\u00e9gories principales Pour [&hellip;]<\/p>\n","protected":false},"author":1,"featured_media":0,"parent":0,"menu_order":0,"comment_status":"closed","ping_status":"closed","template":"","meta":{"footnotes":""},"class_list":["post-63","page","type-page","status-publish","hentry"],"_links":{"self":[{"href":"https:\/\/memoiredebout.org\/index.php?rest_route=\/wp\/v2\/pages\/63","targetHints":{"allow":["GET"]}}],"collection":[{"href":"https:\/\/memoiredebout.org\/index.php?rest_route=\/wp\/v2\/pages"}],"about":[{"href":"https:\/\/memoiredebout.org\/index.php?rest_route=\/wp\/v2\/types\/page"}],"author":[{"embeddable":true,"href":"https:\/\/memoiredebout.org\/index.php?rest_route=\/wp\/v2\/users\/1"}],"replies":[{"embeddable":true,"href":"https:\/\/memoiredebout.org\/index.php?rest_route=%2Fwp%2Fv2%2Fcomments&post=63"}],"version-history":[{"count":1,"href":"https:\/\/memoiredebout.org\/index.php?rest_route=\/wp\/v2\/pages\/63\/revisions"}],"predecessor-version":[{"id":73,"href":"https:\/\/memoiredebout.org\/index.php?rest_route=\/wp\/v2\/pages\/63\/revisions\/73"}],"wp:attachment":[{"href":"https:\/\/memoiredebout.org\/index.php?rest_route=%2Fwp%2Fv2%2Fmedia&parent=63"}],"curies":[{"name":"wp","href":"https:\/\/api.w.org\/{rel}","templated":true}]}}