{"id":12,"date":"2026-01-21T17:08:23","date_gmt":"2026-01-21T17:08:23","guid":{"rendered":"https:\/\/memoiredebout.org\/?page_id=12"},"modified":"2026-01-24T03:48:57","modified_gmt":"2026-01-24T03:48:57","slug":"accueil","status":"publish","type":"page","link":"https:\/\/memoiredebout.org\/","title":{"rendered":"Accueil"},"content":{"rendered":"\n<h2 class=\"wp-block-heading\">M\u00e9moire Debout<\/h2>\n\n\n\n<p>M\u00e9moire Debout est n\u00e9 d\u2019un constat simple : trop souvent, l\u2019histoire, les luttes et les r\u00e9alit\u00e9s des communaut\u00e9s afro-descendantes et ha\u00eftiennes sont racont\u00e9es par d\u2019autres, \u00e0 travers des prismes incomplets, biais\u00e9s ou d\u00e9contextualis\u00e9s.<\/p>\n\n\n\n<p>Ce projet a \u00e9t\u00e9 cr\u00e9\u00e9 pour documenter, analyser et transmettre ces r\u00e9cits avec rigueur, responsabilit\u00e9 et ind\u00e9pendance.<\/p>\n\n\n\n<p>M\u00e9moire Debout est un espace de r\u00e9flexion, d\u2019archives et de transmission, o\u00f9 la m\u00e9moire est envisag\u00e9e comme un h\u00e9ritage collectif et un outil de compr\u00e9hension du pr\u00e9sent.<\/p>\n\n\n\n<p>Ici, il ne s\u2019agit ni de militantisme partisan ni de posture id\u00e9ologique.<\/p>\n\n\n\n<p>Il s\u2019agit de contexte, de m\u00e9thode et de fid\u00e9lit\u00e9 aux faits.<\/p>\n\n\n\n<p>Les \u00e9v\u00e9nements, les trajectoires et les actions ne prennent sens que lorsqu\u2019ils sont replac\u00e9s dans leur profondeur historique, sociale et humaine. M\u00e9moire Debout s\u2019attache \u00e0 \u00e9clairer les continuit\u00e9s, \u00e0 rappeler les ruptures et \u00e0 proposer des cl\u00e9s de lecture permettant de comprendre sans simplifier ni effacer.<\/p>\n\n\n\n<p>La m\u00e9moire n\u2019est ni fig\u00e9e ni passive.<\/p>\n\n\n\n<p>Elle se construit \u00e0 travers des r\u00e9cits, des archives, des t\u00e9moignages et des analyses qui traversent le temps.<\/p>\n\n\n\n<p>M\u00e9moire Debout s\u2019inscrit dans cette d\u00e9marche : maintenir une m\u00e9moire vivante, accessible et transmise, afin que les faits, les luttes et les r\u00e9alit\u00e9s v\u00e9cues ne disparaissent ni avec le temps ni avec le silence.<\/p>\n\n\n\n<p>Parce que l\u2019oubli n\u2019est jamais neutre.<\/p>\n\n\n\n<p>Et parce que transmettre est d\u00e9j\u00e0 une forme de responsabilit\u00e9.<\/p>\n","protected":false},"excerpt":{"rendered":"<p>M\u00e9moire Debout M\u00e9moire Debout est n\u00e9 d\u2019un constat simple : trop souvent, l\u2019histoire, les luttes et les r\u00e9alit\u00e9s des communaut\u00e9s afro-descendantes et ha\u00eftiennes sont racont\u00e9es par d\u2019autres, \u00e0 travers des prismes incomplets, biais\u00e9s ou d\u00e9contextualis\u00e9s. Ce projet a \u00e9t\u00e9 cr\u00e9\u00e9 pour documenter, analyser et transmettre ces r\u00e9cits avec rigueur, responsabilit\u00e9 et ind\u00e9pendance. M\u00e9moire Debout est [&hellip;]<\/p>\n","protected":false},"author":1,"featured_media":0,"parent":0,"menu_order":0,"comment_status":"closed","ping_status":"closed","template":"","meta":{"footnotes":""},"class_list":["post-12","page","type-page","status-publish","hentry"],"_links":{"self":[{"href":"https:\/\/memoiredebout.org\/index.php?rest_route=\/wp\/v2\/pages\/12","targetHints":{"allow":["GET"]}}],"collection":[{"href":"https:\/\/memoiredebout.org\/index.php?rest_route=\/wp\/v2\/pages"}],"about":[{"href":"https:\/\/memoiredebout.org\/index.php?rest_route=\/wp\/v2\/types\/page"}],"author":[{"embeddable":true,"href":"https:\/\/memoiredebout.org\/index.php?rest_route=\/wp\/v2\/users\/1"}],"replies":[{"embeddable":true,"href":"https:\/\/memoiredebout.org\/index.php?rest_route=%2Fwp%2Fv2%2Fcomments&post=12"}],"version-history":[{"count":5,"href":"https:\/\/memoiredebout.org\/index.php?rest_route=\/wp\/v2\/pages\/12\/revisions"}],"predecessor-version":[{"id":69,"href":"https:\/\/memoiredebout.org\/index.php?rest_route=\/wp\/v2\/pages\/12\/revisions\/69"}],"wp:attachment":[{"href":"https:\/\/memoiredebout.org\/index.php?rest_route=%2Fwp%2Fv2%2Fmedia&parent=12"}],"curies":[{"name":"wp","href":"https:\/\/api.w.org\/{rel}","templated":true}]}}